{"id":12625,"date":"2024-03-24T08:35:35","date_gmt":"2024-03-24T08:35:35","guid":{"rendered":"https:\/\/torreviejarentals.es\/?page_id=12625"},"modified":"2024-04-09T15:34:37","modified_gmt":"2024-04-09T15:34:37","slug":"la-mata","status":"publish","type":"page","link":"https:\/\/www.torreviejarentals.es\/sv\/la-mata\/","title":{"rendered":"La Mata"},"content":{"rendered":"<div data-elementor-type=\"wp-page\" data-elementor-id=\"12625\" class=\"elementor elementor-12625\">\n\t\t\t\t\t\t<section class=\"elementor-section elementor-top-section elementor-element elementor-element-639b7f04 elementor-section-full_width elementor-section-height-default elementor-section-height-default\" data-id=\"639b7f04\" data-element_type=\"section\" data-settings=\"{&quot;background_background&quot;:&quot;classic&quot;}\">\n\t\t\t\t\t\t<div class=\"elementor-container elementor-column-gap-default\">\n\t\t\t\t\t<div class=\"elementor-column elementor-col-100 elementor-top-column elementor-element elementor-element-786ec91c\" data-id=\"786ec91c\" data-element_type=\"column\">\n\t\t\t<div class=\"elementor-widget-wrap elementor-element-populated\">\n\t\t\t\t\t\t<section class=\"elementor-section elementor-inner-section elementor-element elementor-element-21e6934f elementor-section-height-min-height elementor-section-boxed elementor-section-height-default\" data-id=\"21e6934f\" data-element_type=\"section\" data-settings=\"{&quot;background_background&quot;:&quot;classic&quot;}\">\n\t\t\t\t\t\t\t<div class=\"elementor-background-overlay\"><\/div>\n\t\t\t\t\t\t\t<div class=\"elementor-container elementor-column-gap-default\">\n\t\t\t\t\t<div class=\"elementor-column elementor-col-100 elementor-inner-column elementor-element elementor-element-58002b58\" data-id=\"58002b58\" data-element_type=\"column\">\n\t\t\t<div class=\"elementor-widget-wrap elementor-element-populated\">\n\t\t\t\t\t\t<div class=\"elementor-element elementor-element-297986a elementor-widget elementor-widget-lst_heading_v2\" data-id=\"297986a\" data-element_type=\"widget\" data-widget_type=\"lst_heading_v2.default\">\n\t\t\t\t<div class=\"elementor-widget-container\">\n\t\t\t\t\t<div class=\"listivo-heading-v2-wrapper\">\n    <div class=\"listivo-heading-v2 listivo-heading-v2--left listivo-heading-v2--tablet-center listivo-heading-v2--mobile-center\">\n        \n        <h2 class=\"listivo-heading-v2__text\">\n            La Mata        <\/h2>\n    <\/div>\n<\/div>\t\t\t\t<\/div>\n\t\t\t\t<\/div>\n\t\t\t\t<div class=\"elementor-element elementor-element-7b1d3173 elementor-widget elementor-widget-spacer\" data-id=\"7b1d3173\" data-element_type=\"widget\" data-widget_type=\"spacer.default\">\n\t\t\t\t<div class=\"elementor-widget-container\">\n\t\t\t\t\t\t\t<div class=\"elementor-spacer\">\n\t\t\t<div class=\"elementor-spacer-inner\"><\/div>\n\t\t<\/div>\n\t\t\t\t\t\t<\/div>\n\t\t\t\t<\/div>\n\t\t\t\t\t<\/div>\n\t\t<\/div>\n\t\t\t\t\t<\/div>\n\t\t<\/section>\n\t\t\t\t\t<\/div>\n\t\t<\/div>\n\t\t\t\t\t<\/div>\n\t\t<\/section>\n\t\t\t\t<section class=\"elementor-section elementor-top-section elementor-element elementor-element-61154fee elementor-section-boxed elementor-section-height-default elementor-section-height-default\" data-id=\"61154fee\" data-element_type=\"section\" data-settings=\"{&quot;background_background&quot;:&quot;classic&quot;}\">\n\t\t\t\t\t\t<div class=\"elementor-container elementor-column-gap-default\">\n\t\t\t\t\t<div class=\"elementor-column elementor-col-100 elementor-top-column elementor-element elementor-element-3b274ddd\" data-id=\"3b274ddd\" data-element_type=\"column\">\n\t\t\t<div class=\"elementor-widget-wrap elementor-element-populated\">\n\t\t\t\t\t\t<div class=\"elementor-element elementor-element-b1aba2f elementor-widget elementor-widget-spacer\" data-id=\"b1aba2f\" data-element_type=\"widget\" data-widget_type=\"spacer.default\">\n\t\t\t\t<div class=\"elementor-widget-container\">\n\t\t\t\t\t\t\t<div class=\"elementor-spacer\">\n\t\t\t<div class=\"elementor-spacer-inner\"><\/div>\n\t\t<\/div>\n\t\t\t\t\t\t<\/div>\n\t\t\t\t<\/div>\n\t\t\t\t\t<\/div>\n\t\t<\/div>\n\t\t\t\t\t<\/div>\n\t\t<\/section>\n\t\t\t\t<section class=\"elementor-section elementor-top-section elementor-element elementor-element-1176ca90 elementor-section-boxed elementor-section-height-default elementor-section-height-default\" data-id=\"1176ca90\" data-element_type=\"section\">\n\t\t\t\t\t\t<div class=\"elementor-container elementor-column-gap-default\">\n\t\t\t\t\t<div class=\"elementor-column elementor-col-50 elementor-top-column elementor-element elementor-element-18a4fab0\" data-id=\"18a4fab0\" data-element_type=\"column\">\n\t\t\t<div class=\"elementor-widget-wrap elementor-element-populated\">\n\t\t\t\t\t\t<div class=\"elementor-element elementor-element-33be4245 elementor-widget elementor-widget-heading\" data-id=\"33be4245\" data-element_type=\"widget\" data-widget_type=\"heading.default\">\n\t\t\t\t<div class=\"elementor-widget-container\">\n\t\t\t\t\t<h2 class=\"elementor-heading-title elementor-size-default\">Torreviejas b\u00e4sta strand<\/h2>\t\t\t\t<\/div>\n\t\t\t\t<\/div>\n\t\t\t\t<div class=\"elementor-element elementor-element-4ec0bb70 elementor-widget elementor-widget-text-editor\" data-id=\"4ec0bb70\" data-element_type=\"widget\" data-widget_type=\"text-editor.default\">\n\t\t\t\t<div class=\"elementor-widget-container\">\n\t\t\t\t\t\t\t\t\t<p>Bel\u00e4get cirka 6 kilometer norr om Torreviejas centrum \u00e4r La Mata ett popul\u00e4rt resm\u00e5l, s\u00e4rskilt under sommarm\u00e5naderna, tack vare dess vackra, l\u00e5nga, breda strand. Stranden i La Mata, som str\u00e4cker sig 2,5 kilometer i l\u00e4ngd och 30 meter i bredd, erbjuder m\u00e5nga m\u00f6jligheter till avkoppling och njutning. Bes\u00f6kare kan utforska en m\u00e4ngd olika restauranger och pubar, ta lugna promenader l\u00e4ngs kusten och njuta av solen hela dagen l\u00e5ng.<\/p><p>N\u00e4r solen g\u00e5r ner f\u00f6rvandlas La Mata till ett livligt nav av aktiviteter, med strandanl\u00e4ggningar som erbjuder en mysig atmosf\u00e4r och ett varierat utbud av restauranger och underh\u00e5llning. Oavsett om du \u00e4r sugen p\u00e5 traditionell spansk tapas eller internationell mat, hittar du n\u00e5got som passar din smak. La Mata lovar o\u00e4ndliga timmar av njutning f\u00f6r bes\u00f6kare i alla \u00e5ldrar.<\/p><p>Bortom sin vackra strand, erbjuder La Mata massor av m\u00f6jligheter till friluftsliv. Bes\u00f6kare kan tillbringa dagarna med att simma och sola p\u00e5 den gyllene sanden, utforska de n\u00e4rliggande naturreservaten eller njuta av vattensporter som snorkling och vindsurfing. Med sin natursk\u00f6na sk\u00f6nhet och utbud av aktiviteter \u00e4r La Mata den perfekta destinationen f\u00f6r dem som s\u00f6ker sol, hav och avkoppling.<\/p>\t\t\t\t\t\t\t\t<\/div>\n\t\t\t\t<\/div>\n\t\t\t\t\t<\/div>\n\t\t<\/div>\n\t\t\t\t<div class=\"elementor-column elementor-col-50 elementor-top-column elementor-element elementor-element-3b0267f4\" data-id=\"3b0267f4\" data-element_type=\"column\">\n\t\t\t<div class=\"elementor-widget-wrap elementor-element-populated\">\n\t\t\t\t\t\t<div class=\"elementor-element elementor-element-5dcbe2ed elementor-widget elementor-widget-image\" data-id=\"5dcbe2ed\" data-element_type=\"widget\" data-widget_type=\"image.default\">\n\t\t\t\t<div class=\"elementor-widget-container\">\n\t\t\t\t\t\t\t\t\t\t\t\t\t\t\t<img fetchpriority=\"high\" decoding=\"async\" width=\"800\" height=\"1000\" src=\"https:\/\/www.torreviejarentals.es\/wp-content\/uploads\/2024\/03\/La-Mata2.jpg\" class=\"attachment-large size-large wp-image-12839\" alt=\"\" srcset=\"https:\/\/www.torreviejarentals.es\/wp-content\/uploads\/2024\/03\/La-Mata2.jpg 800w, https:\/\/www.torreviejarentals.es\/wp-content\/uploads\/2024\/03\/La-Mata2-240x300.jpg 240w, https:\/\/www.torreviejarentals.es\/wp-content\/uploads\/2024\/03\/La-Mata2-768x960.jpg 768w, https:\/\/www.torreviejarentals.es\/wp-content\/uploads\/2024\/03\/La-Mata2-10x12.jpg 10w\" sizes=\"(max-width: 800px) 100vw, 800px\" title=\"\">\t\t\t\t\t\t\t\t\t\t\t\t\t\t\t<\/div>\n\t\t\t\t<\/div>\n\t\t\t\t\t<\/div>\n\t\t<\/div>\n\t\t\t\t\t<\/div>\n\t\t<\/section>\n\t\t\t\t<section class=\"elementor-section elementor-top-section elementor-element elementor-element-a19a74d elementor-section-boxed elementor-section-height-default elementor-section-height-default\" data-id=\"a19a74d\" data-element_type=\"section\">\n\t\t\t\t\t\t<div class=\"elementor-container elementor-column-gap-default\">\n\t\t\t\t\t<div class=\"elementor-column elementor-col-100 elementor-top-column elementor-element elementor-element-c386afb\" data-id=\"c386afb\" data-element_type=\"column\">\n\t\t\t<div class=\"elementor-widget-wrap elementor-element-populated\">\n\t\t\t\t\t\t<div class=\"elementor-element elementor-element-2404bec elementor-widget elementor-widget-spacer\" data-id=\"2404bec\" data-element_type=\"widget\" data-widget_type=\"spacer.default\">\n\t\t\t\t<div class=\"elementor-widget-container\">\n\t\t\t\t\t\t\t<div class=\"elementor-spacer\">\n\t\t\t<div class=\"elementor-spacer-inner\"><\/div>\n\t\t<\/div>\n\t\t\t\t\t\t<\/div>\n\t\t\t\t<\/div>\n\t\t\t\t\t<\/div>\n\t\t<\/div>\n\t\t\t\t\t<\/div>\n\t\t<\/section>\n\t\t\t\t<\/div>","protected":false},"excerpt":{"rendered":"<p>La Mata Torrevieja&#8217;s Coastal Jewel Located approximately 6 kilometers north of Torrevieja Centre, La Mata is a popular destination, especially during the summer months, thanks to its beautiful, long, wide beach. Stretching 2.5 kilometers in length and 30 meters in width, the beach in La Mata offers plenty of opportunities for relaxation and enjoyment. Visitors [&hellip;]<\/p>","protected":false},"author":1,"featured_media":0,"parent":0,"menu_order":0,"comment_status":"closed","ping_status":"closed","template":"","meta":{"_acf_changed":false,"om_disable_all_campaigns":false,"_monsterinsights_skip_tracking":false,"_monsterinsights_sitenote_active":false,"_monsterinsights_sitenote_note":"","_monsterinsights_sitenote_category":0,"_uf_show_specific_survey":0,"_uf_disable_surveys":false,"footnotes":""},"class_list":["post-12625","page","type-page","status-publish","hentry"],"acf":[],"_links":{"self":[{"href":"https:\/\/www.torreviejarentals.es\/sv\/wp-json\/wp\/v2\/pages\/12625","targetHints":{"allow":["GET"]}}],"collection":[{"href":"https:\/\/www.torreviejarentals.es\/sv\/wp-json\/wp\/v2\/pages"}],"about":[{"href":"https:\/\/www.torreviejarentals.es\/sv\/wp-json\/wp\/v2\/types\/page"}],"author":[{"embeddable":true,"href":"https:\/\/www.torreviejarentals.es\/sv\/wp-json\/wp\/v2\/users\/1"}],"replies":[{"embeddable":true,"href":"https:\/\/www.torreviejarentals.es\/sv\/wp-json\/wp\/v2\/comments?post=12625"}],"version-history":[{"count":25,"href":"https:\/\/www.torreviejarentals.es\/sv\/wp-json\/wp\/v2\/pages\/12625\/revisions"}],"predecessor-version":[{"id":13364,"href":"https:\/\/www.torreviejarentals.es\/sv\/wp-json\/wp\/v2\/pages\/12625\/revisions\/13364"}],"wp:attachment":[{"href":"https:\/\/www.torreviejarentals.es\/sv\/wp-json\/wp\/v2\/media?parent=12625"}],"curies":[{"name":"wp","href":"https:\/\/api.w.org\/{rel}","templated":true}]}}