{"id":12627,"date":"2024-03-24T08:36:44","date_gmt":"2024-03-24T08:36:44","guid":{"rendered":"https:\/\/torreviejarentals.es\/?page_id=12627"},"modified":"2025-05-28T05:08:37","modified_gmt":"2025-05-28T03:08:37","slug":"city-centre","status":"publish","type":"page","link":"https:\/\/www.torreviejarentals.es\/sv\/city-centre\/","title":{"rendered":"City Centre"},"content":{"rendered":"<div data-elementor-type=\"wp-page\" data-elementor-id=\"12627\" class=\"elementor elementor-12627\">\n\t\t\t\t\t\t<section class=\"elementor-section elementor-top-section elementor-element elementor-element-4b258064 elementor-section-full_width elementor-section-height-default elementor-section-height-default\" data-id=\"4b258064\" data-element_type=\"section\" data-settings=\"{&quot;background_background&quot;:&quot;classic&quot;}\">\n\t\t\t\t\t\t<div class=\"elementor-container elementor-column-gap-default\">\n\t\t\t\t\t<div class=\"elementor-column elementor-col-100 elementor-top-column elementor-element elementor-element-2f4454eb\" data-id=\"2f4454eb\" data-element_type=\"column\">\n\t\t\t<div class=\"elementor-widget-wrap elementor-element-populated\">\n\t\t\t\t\t\t<section class=\"elementor-section elementor-inner-section elementor-element elementor-element-669c975c elementor-section-height-min-height elementor-section-boxed elementor-section-height-default\" data-id=\"669c975c\" data-element_type=\"section\" data-settings=\"{&quot;background_background&quot;:&quot;classic&quot;}\">\n\t\t\t\t\t\t\t<div class=\"elementor-background-overlay\"><\/div>\n\t\t\t\t\t\t\t<div class=\"elementor-container elementor-column-gap-default\">\n\t\t\t\t\t<div class=\"elementor-column elementor-col-100 elementor-inner-column elementor-element elementor-element-463f9240\" data-id=\"463f9240\" data-element_type=\"column\">\n\t\t\t<div class=\"elementor-widget-wrap elementor-element-populated\">\n\t\t\t\t\t\t<div class=\"elementor-element elementor-element-17343120 elementor-widget elementor-widget-lst_heading_v2\" data-id=\"17343120\" data-element_type=\"widget\" data-widget_type=\"lst_heading_v2.default\">\n\t\t\t\t<div class=\"elementor-widget-container\">\n\t\t\t\t\t<div class=\"listivo-heading-v2-wrapper\">\n    <div class=\"listivo-heading-v2 listivo-heading-v2--left listivo-heading-v2--tablet-center listivo-heading-v2--mobile-center\">\n        \n        <h2 class=\"listivo-heading-v2__text\">\n            City Centre        <\/h2>\n    <\/div>\n<\/div>\t\t\t\t<\/div>\n\t\t\t\t<\/div>\n\t\t\t\t<div class=\"elementor-element elementor-element-7dfedb5e elementor-widget elementor-widget-spacer\" data-id=\"7dfedb5e\" data-element_type=\"widget\" data-widget_type=\"spacer.default\">\n\t\t\t\t<div class=\"elementor-widget-container\">\n\t\t\t\t\t\t\t<div class=\"elementor-spacer\">\n\t\t\t<div class=\"elementor-spacer-inner\"><\/div>\n\t\t<\/div>\n\t\t\t\t\t\t<\/div>\n\t\t\t\t<\/div>\n\t\t\t\t\t<\/div>\n\t\t<\/div>\n\t\t\t\t\t<\/div>\n\t\t<\/section>\n\t\t\t\t\t<\/div>\n\t\t<\/div>\n\t\t\t\t\t<\/div>\n\t\t<\/section>\n\t\t\t\t<section class=\"elementor-section elementor-top-section elementor-element elementor-element-3d3366d7 elementor-section-boxed elementor-section-height-default elementor-section-height-default\" data-id=\"3d3366d7\" data-element_type=\"section\" data-settings=\"{&quot;background_background&quot;:&quot;classic&quot;}\">\n\t\t\t\t\t\t<div class=\"elementor-container elementor-column-gap-default\">\n\t\t\t\t\t<div class=\"elementor-column elementor-col-100 elementor-top-column elementor-element elementor-element-65eef7b7\" data-id=\"65eef7b7\" data-element_type=\"column\">\n\t\t\t<div class=\"elementor-widget-wrap elementor-element-populated\">\n\t\t\t\t\t\t<div class=\"elementor-element elementor-element-472c2cdd elementor-widget elementor-widget-spacer\" data-id=\"472c2cdd\" data-element_type=\"widget\" data-widget_type=\"spacer.default\">\n\t\t\t\t<div class=\"elementor-widget-container\">\n\t\t\t\t\t\t\t<div class=\"elementor-spacer\">\n\t\t\t<div class=\"elementor-spacer-inner\"><\/div>\n\t\t<\/div>\n\t\t\t\t\t\t<\/div>\n\t\t\t\t<\/div>\n\t\t\t\t\t<\/div>\n\t\t<\/div>\n\t\t\t\t\t<\/div>\n\t\t<\/section>\n\t\t\t\t<section class=\"elementor-section elementor-top-section elementor-element elementor-element-417e569c elementor-section-boxed elementor-section-height-default elementor-section-height-default\" data-id=\"417e569c\" data-element_type=\"section\">\n\t\t\t\t\t\t<div class=\"elementor-container elementor-column-gap-default\">\n\t\t\t\t\t<div class=\"elementor-column elementor-col-50 elementor-top-column elementor-element elementor-element-3dde9463\" data-id=\"3dde9463\" data-element_type=\"column\">\n\t\t\t<div class=\"elementor-widget-wrap elementor-element-populated\">\n\t\t\t\t\t\t<div class=\"elementor-element elementor-element-6b3215c7 elementor-widget elementor-widget-heading\" data-id=\"6b3215c7\" data-element_type=\"widget\" data-widget_type=\"heading.default\">\n\t\t\t\t<div class=\"elementor-widget-container\">\n\t\t\t\t\t<h2 class=\"elementor-heading-title elementor-size-default\">En fantastisk stad i Spanien<\/h2>\t\t\t\t<\/div>\n\t\t\t\t<\/div>\n\t\t\t\t<div class=\"elementor-element elementor-element-4c74382c elementor-widget elementor-widget-text-editor\" data-id=\"4c74382c\" data-element_type=\"widget\" data-widget_type=\"text-editor.default\">\n\t\t\t\t<div class=\"elementor-widget-container\">\n\t\t\t\t\t\t\t\t\t<p>Denna livliga stadsk\u00e4rna ligger i hj\u00e4rtat av Torrevieja och erbjuder bekv\u00e4mlighet vid varje v\u00e4ndning. Med en uppsj\u00f6 av restauranger, pubar, nattklubbar och k\u00f6pcentrum finns det ingen brist p\u00e5 underh\u00e5llningsalternativ. En av de st\u00f6rsta f\u00f6rdelarna med Torrevieja \u00e4r dess n\u00e4rhet till flera str\u00e4nder mitt i stadens centrum. H\u00e4r beh\u00f6ver du inte v\u00e4lja mellan stadsliv och strandavkoppling - allt \u00e4r inom r\u00e4ckh\u00e5ll. Fr\u00e5n mysiga matst\u00e4llen som serverar klassisk tapas till internationella restauranger som erbjuder mat fr\u00e5n hela v\u00e4rlden, det finns n\u00e5got som passar alla smakl\u00f6kar.<\/p><p>N\u00e4r solen g\u00e5r ner blir Torrevieja Centrum verkligen levande. Nattlivsscenen har ett brett utbud av barer, pubar och klubbar, vilket s\u00e4kerst\u00e4ller att det finns n\u00e5got f\u00f6r alla. Oavsett om du \u00e4r p\u00e5 hum\u00f6r f\u00f6r en avslappnad drink eller att dansa hela natten, hittar du massor av alternativ f\u00f6r att underh\u00e5lla dig fram till de tidiga timmarna. Med sin h\u00e4rliga atmosf\u00e4r och livliga energi \u00e4r Torrevieja Centrum den perfekta platsen f\u00f6r att varva ner och njuta av en minnesv\u00e4rd utekv\u00e4ll.<\/p><p>Ut\u00f6ver sitt pulserande nattliv erbjuder Torrevieja Centrum m\u00e4ngder av fritidsaktiviteter f\u00f6r alla smaker. Fr\u00e5n att promenera l\u00e4ngs den pittoreska strandpromenaden till att utforska de charmiga gatorna kantade av butiker och caf\u00e9er, det finns ingen brist p\u00e5 saker att se och g\u00f6ra. Oavsett om du letar efter avkoppling eller \u00e4ventyr s\u00e5 har Torrevieja Centrum n\u00e5got f\u00f6r alla. Njut av solen p\u00e5 en av de n\u00e4rliggande str\u00e4nderna, ta en heldag med shopping eller bara njut av sev\u00e4rdheterna och ljuden fr\u00e5n denna livliga stad.<\/p>\t\t\t\t\t\t\t\t<\/div>\n\t\t\t\t<\/div>\n\t\t\t\t\t<\/div>\n\t\t<\/div>\n\t\t\t\t<div class=\"elementor-column elementor-col-50 elementor-top-column elementor-element elementor-element-522a36f7\" data-id=\"522a36f7\" data-element_type=\"column\">\n\t\t\t<div class=\"elementor-widget-wrap elementor-element-populated\">\n\t\t\t\t\t\t<div class=\"elementor-element elementor-element-15054cfe elementor-widget elementor-widget-image\" data-id=\"15054cfe\" data-element_type=\"widget\" data-widget_type=\"image.default\">\n\t\t\t\t<div class=\"elementor-widget-container\">\n\t\t\t\t\t\t\t\t\t\t\t\t\t\t\t<img fetchpriority=\"high\" decoding=\"async\" width=\"800\" height=\"1218\" src=\"https:\/\/www.torreviejarentals.es\/wp-content\/uploads\/2024\/04\/TorreviejaCity3.jpg\" class=\"attachment-full size-full wp-image-13389\" alt=\"City Centre Torrevieja\" srcset=\"https:\/\/www.torreviejarentals.es\/wp-content\/uploads\/2024\/04\/TorreviejaCity3.jpg 800w, https:\/\/www.torreviejarentals.es\/wp-content\/uploads\/2024\/04\/TorreviejaCity3-197x300.jpg 197w, https:\/\/www.torreviejarentals.es\/wp-content\/uploads\/2024\/04\/TorreviejaCity3-673x1024.jpg 673w, https:\/\/www.torreviejarentals.es\/wp-content\/uploads\/2024\/04\/TorreviejaCity3-768x1169.jpg 768w, https:\/\/www.torreviejarentals.es\/wp-content\/uploads\/2024\/04\/TorreviejaCity3-8x12.jpg 8w\" sizes=\"(max-width: 800px) 100vw, 800px\" title=\"\">\t\t\t\t\t\t\t\t\t\t\t\t\t\t\t<\/div>\n\t\t\t\t<\/div>\n\t\t\t\t\t<\/div>\n\t\t<\/div>\n\t\t\t\t\t<\/div>\n\t\t<\/section>\n\t\t\t\t<section class=\"elementor-section elementor-top-section elementor-element elementor-element-fa0ea50 elementor-section-boxed elementor-section-height-default elementor-section-height-default\" data-id=\"fa0ea50\" data-element_type=\"section\">\n\t\t\t\t\t\t<div class=\"elementor-container elementor-column-gap-default\">\n\t\t\t\t\t<div class=\"elementor-column elementor-col-100 elementor-top-column elementor-element elementor-element-d46f4fe\" data-id=\"d46f4fe\" data-element_type=\"column\">\n\t\t\t<div class=\"elementor-widget-wrap elementor-element-populated\">\n\t\t\t\t\t\t<div class=\"elementor-element elementor-element-9067970 elementor-widget elementor-widget-spacer\" data-id=\"9067970\" data-element_type=\"widget\" data-widget_type=\"spacer.default\">\n\t\t\t\t<div class=\"elementor-widget-container\">\n\t\t\t\t\t\t\t<div class=\"elementor-spacer\">\n\t\t\t<div class=\"elementor-spacer-inner\"><\/div>\n\t\t<\/div>\n\t\t\t\t\t\t<\/div>\n\t\t\t\t<\/div>\n\t\t\t\t\t<\/div>\n\t\t<\/div>\n\t\t\t\t\t<\/div>\n\t\t<\/section>\n\t\t\t\t<\/div>","protected":false},"excerpt":{"rendered":"<p>City Centre An Amazing City in Spain Nestled in the heart of Torrevieja, this vibrant city centre offers convenience at every turn. With a plethora of restaurants, pubs, nightclubs, and shopping centers, there&#8217;s no shortage of entertainment options. One of the major advantages of Torrevieja is its proximity to several beaches right in the city [&hellip;]<\/p>","protected":false},"author":1,"featured_media":0,"parent":0,"menu_order":0,"comment_status":"closed","ping_status":"closed","template":"","meta":{"_acf_changed":false,"om_disable_all_campaigns":false,"_monsterinsights_skip_tracking":false,"_monsterinsights_sitenote_active":false,"_monsterinsights_sitenote_note":"","_monsterinsights_sitenote_category":0,"_uf_show_specific_survey":0,"_uf_disable_surveys":false,"footnotes":""},"class_list":["post-12627","page","type-page","status-publish","hentry"],"acf":[],"_links":{"self":[{"href":"https:\/\/www.torreviejarentals.es\/sv\/wp-json\/wp\/v2\/pages\/12627","targetHints":{"allow":["GET"]}}],"collection":[{"href":"https:\/\/www.torreviejarentals.es\/sv\/wp-json\/wp\/v2\/pages"}],"about":[{"href":"https:\/\/www.torreviejarentals.es\/sv\/wp-json\/wp\/v2\/types\/page"}],"author":[{"embeddable":true,"href":"https:\/\/www.torreviejarentals.es\/sv\/wp-json\/wp\/v2\/users\/1"}],"replies":[{"embeddable":true,"href":"https:\/\/www.torreviejarentals.es\/sv\/wp-json\/wp\/v2\/comments?post=12627"}],"version-history":[{"count":54,"href":"https:\/\/www.torreviejarentals.es\/sv\/wp-json\/wp\/v2\/pages\/12627\/revisions"}],"predecessor-version":[{"id":15077,"href":"https:\/\/www.torreviejarentals.es\/sv\/wp-json\/wp\/v2\/pages\/12627\/revisions\/15077"}],"wp:attachment":[{"href":"https:\/\/www.torreviejarentals.es\/sv\/wp-json\/wp\/v2\/media?parent=12627"}],"curies":[{"name":"wp","href":"https:\/\/api.w.org\/{rel}","templated":true}]}}