{"id":15778,"date":"2025-07-20T18:00:57","date_gmt":"2025-07-20T16:00:57","guid":{"rendered":"https:\/\/www.torreviejarentals.es\/?page_id=15778"},"modified":"2025-07-20T18:11:39","modified_gmt":"2025-07-20T16:11:39","slug":"contact","status":"publish","type":"page","link":"https:\/\/www.torreviejarentals.es\/sv\/contact\/","title":{"rendered":"Kontakt"},"content":{"rendered":"<div data-elementor-type=\"wp-page\" data-elementor-id=\"15778\" class=\"elementor elementor-15778\">\n\t\t\t\t\t\t<section class=\"elementor-section elementor-top-section elementor-element elementor-element-22333d35 elementor-section-full_width elementor-section-height-default elementor-section-height-default\" data-id=\"22333d35\" data-element_type=\"section\" data-settings=\"{&quot;background_background&quot;:&quot;classic&quot;}\">\n\t\t\t\t\t\t<div class=\"elementor-container elementor-column-gap-default\">\n\t\t\t\t\t<div class=\"elementor-column elementor-col-100 elementor-top-column elementor-element elementor-element-6c5f36f9\" data-id=\"6c5f36f9\" data-element_type=\"column\">\n\t\t\t<div class=\"elementor-widget-wrap elementor-element-populated\">\n\t\t\t\t\t\t<section class=\"elementor-section elementor-inner-section elementor-element elementor-element-24d00696 elementor-section-height-min-height elementor-section-boxed elementor-section-height-default\" data-id=\"24d00696\" data-element_type=\"section\" data-settings=\"{&quot;background_background&quot;:&quot;classic&quot;}\">\n\t\t\t\t\t\t\t<div class=\"elementor-background-overlay\"><\/div>\n\t\t\t\t\t\t\t<div class=\"elementor-container elementor-column-gap-default\">\n\t\t\t\t\t<div class=\"elementor-column elementor-col-100 elementor-inner-column elementor-element elementor-element-70dda25c\" data-id=\"70dda25c\" data-element_type=\"column\">\n\t\t\t<div class=\"elementor-widget-wrap elementor-element-populated\">\n\t\t\t\t\t\t<div class=\"elementor-element elementor-element-4c8b9848 elementor-widget elementor-widget-lst_heading_v2\" data-id=\"4c8b9848\" data-element_type=\"widget\" data-widget_type=\"lst_heading_v2.default\">\n\t\t\t\t<div class=\"elementor-widget-container\">\n\t\t\t\t\t<div class=\"listivo-heading-v2-wrapper\">\n    <div class=\"listivo-heading-v2 listivo-heading-v2--left listivo-heading-v2--tablet-center listivo-heading-v2--mobile-center\">\n        \n        <h2 class=\"listivo-heading-v2__text\">\n            Kontakta oss        <\/h2>\n    <\/div>\n<\/div>\t\t\t\t<\/div>\n\t\t\t\t<\/div>\n\t\t\t\t<div class=\"elementor-element elementor-element-6a2e5cf8 elementor-widget elementor-widget-spacer\" data-id=\"6a2e5cf8\" data-element_type=\"widget\" data-widget_type=\"spacer.default\">\n\t\t\t\t<div class=\"elementor-widget-container\">\n\t\t\t\t\t\t\t<div class=\"elementor-spacer\">\n\t\t\t<div class=\"elementor-spacer-inner\"><\/div>\n\t\t<\/div>\n\t\t\t\t\t\t<\/div>\n\t\t\t\t<\/div>\n\t\t\t\t\t<\/div>\n\t\t<\/div>\n\t\t\t\t\t<\/div>\n\t\t<\/section>\n\t\t\t\t\t<\/div>\n\t\t<\/div>\n\t\t\t\t\t<\/div>\n\t\t<\/section>\n\t\t\t\t<section class=\"elementor-section elementor-top-section elementor-element elementor-element-6c417f97 elementor-section-boxed elementor-section-height-default elementor-section-height-default\" data-id=\"6c417f97\" data-element_type=\"section\" data-settings=\"{&quot;background_background&quot;:&quot;classic&quot;}\">\n\t\t\t\t\t\t<div class=\"elementor-container elementor-column-gap-default\">\n\t\t\t\t\t<div class=\"elementor-column elementor-col-100 elementor-top-column elementor-element elementor-element-11619de5\" data-id=\"11619de5\" data-element_type=\"column\">\n\t\t\t<div class=\"elementor-widget-wrap elementor-element-populated\">\n\t\t\t\t\t\t<div class=\"elementor-element elementor-element-5825af0f elementor-widget elementor-widget-spacer\" data-id=\"5825af0f\" data-element_type=\"widget\" data-widget_type=\"spacer.default\">\n\t\t\t\t<div class=\"elementor-widget-container\">\n\t\t\t\t\t\t\t<div class=\"elementor-spacer\">\n\t\t\t<div class=\"elementor-spacer-inner\"><\/div>\n\t\t<\/div>\n\t\t\t\t\t\t<\/div>\n\t\t\t\t<\/div>\n\t\t\t\t<section class=\"elementor-section elementor-inner-section elementor-element elementor-element-2a433825 elementor-section-boxed elementor-section-height-default elementor-section-height-default\" data-id=\"2a433825\" data-element_type=\"section\">\n\t\t\t\t\t\t<div class=\"elementor-container elementor-column-gap-custom\">\n\t\t\t\t\t<div class=\"elementor-column elementor-col-50 elementor-inner-column elementor-element elementor-element-3b041010 listivo-rtl-fix-contact-form-column-padding\" data-id=\"3b041010\" data-element_type=\"column\">\n\t\t\t<div class=\"elementor-widget-wrap elementor-element-populated\">\n\t\t\t\t\t\t<div class=\"elementor-element elementor-element-6875848e elementor-widget elementor-widget-lst_heading_v2\" data-id=\"6875848e\" data-element_type=\"widget\" data-widget_type=\"lst_heading_v2.default\">\n\t\t\t\t<div class=\"elementor-widget-container\">\n\t\t\t\t\t<div class=\"listivo-heading-v2-wrapper\">\n    <div class=\"listivo-heading-v2 listivo-heading-v2--left listivo-heading-v2--tablet-center listivo-heading-v2--mobile-center\">\n                    <h3 class=\"listivo-heading-v2__small-text\">\n                Hur kan vi hj\u00e4lpa?            <\/h3>\n        \n        <h2 class=\"listivo-heading-v2__text\">\n            Vi \u00e4r redo att hj\u00e4lpa        <\/h2>\n    <\/div>\n<\/div>\t\t\t\t<\/div>\n\t\t\t\t<\/div>\n\t\t\t\t<div class=\"elementor-element elementor-element-2d0aebc8 elementor-widget elementor-widget-spacer\" data-id=\"2d0aebc8\" data-element_type=\"widget\" data-widget_type=\"spacer.default\">\n\t\t\t\t<div class=\"elementor-widget-container\">\n\t\t\t\t\t\t\t<div class=\"elementor-spacer\">\n\t\t\t<div class=\"elementor-spacer-inner\"><\/div>\n\t\t<\/div>\n\t\t\t\t\t\t<\/div>\n\t\t\t\t<\/div>\n\t\t\t\t<div class=\"elementor-element elementor-element-7deb24ab elementor-widget elementor-widget-text-editor\" data-id=\"7deb24ab\" data-element_type=\"widget\" data-widget_type=\"text-editor.default\">\n\t\t\t\t<div class=\"elementor-widget-container\">\n\t\t\t\t\t\t\t\t\t<p>Om du har n\u00e5gra fr\u00e5gor eller beh\u00f6ver hj\u00e4lp \u00e4r du v\u00e4lkommen att mejla eller ringa oss. Vi f\u00f6redrar att du skickar ett e-postmeddelande direkt fr\u00e5n din e-postklient f\u00f6r att hj\u00e4lpa oss att undvika skr\u00e4ppost. Du kan anv\u00e4nda f\u00f6ljande e-postadresser:<\/p><p><a style=\"font-family: var( --e-global-typography-ltext1-font-family ), Sans-serif; font-size: var( --e-global-typography-ltext1-font-size ); font-style: var(--e-global-typography-ltext1-font-style); letter-spacing: var(--e-global-typography-ltext1-letter-spacing); text-transform: var(--e-global-typography-ltext1-text-transform);\" href=\"mailto:info@torreviejarentals.es\">info@torreviejarentals.es<\/a><br \/><a href=\"mailto:support@torreviejarentals.es\">support@torreviejarentals.es<\/a><\/p><p>\u00a0<\/p>\t\t\t\t\t\t\t\t<\/div>\n\t\t\t\t<\/div>\n\t\t\t\t<div class=\"elementor-element elementor-element-35a1efda elementor-widget elementor-widget-spacer\" data-id=\"35a1efda\" data-element_type=\"widget\" data-widget_type=\"spacer.default\">\n\t\t\t\t<div class=\"elementor-widget-container\">\n\t\t\t\t\t\t\t<div class=\"elementor-spacer\">\n\t\t\t<div class=\"elementor-spacer-inner\"><\/div>\n\t\t<\/div>\n\t\t\t\t\t\t<\/div>\n\t\t\t\t<\/div>\n\t\t\t\t<div class=\"elementor-element elementor-element-3206cc4e elementor-widget elementor-widget-lst_social_profiles_v2\" data-id=\"3206cc4e\" data-element_type=\"widget\" data-widget_type=\"lst_social_profiles_v2.default\">\n\t\t\t\t<div class=\"elementor-widget-container\">\n\t\t\t\t\t<div class=\"listivo-social-icons-wrapper\">\n    <div class=\"listivo-social-icons\">\n                    <a class=\"listivo-social-icons__icon listivo-social-icon listivo-social-icon--color-1 listivo-social-icon--hover-color-primary\" href=\"https:\/\/www.facebook.com\/torreviejarentals\" target=\"_blank\" rel=\"noopener\">\n                <svg xmlns=\"http:\/\/www.w3.org\/2000\/svg\" viewbox=\"0 0 320 512\">\n                    <!--!Font Awesome Free 6.5.1 by @fontawesome - https:\/\/fontawesome.com License - https:\/\/fontawesome.com\/license\/free Copyright 2024 Fonticons, Inc.-->\n                    <path d=\"M80 299.3V512H196V299.3h86.5l18-97.8H196V166.9c0-51.7 20.3-71.5 72.7-71.5c16.3 0 29.4 .4 37 1.2V7.9C291.4 4 256.4 0 236.2 0C129.3 0 80 50.5 80 159.4v42.1H14v97.8H80z\"\/>\n                <\/svg>\n            <\/a>\n        \n        \n        \n                    <a class=\"listivo-social-icons__icon listivo-social-icon listivo-social-icon--color-1 listivo-social-icon--hover-color-primary\" href=\"https:\/\/www.instagram.com\/torreviejarentals\" target=\"_blank\" rel=\"noopener\">\n                <svg xmlns=\"http:\/\/www.w3.org\/2000\/svg\" viewbox=\"0 0 448 512\">\n                    <!--!Font Awesome Free 6.5.1 by @fontawesome - https:\/\/fontawesome.com License - https:\/\/fontawesome.com\/license\/free Copyright 2024 Fonticons, Inc.-->\n                    <path d=\"M224.1 141c-63.6 0-114.9 51.3-114.9 114.9s51.3 114.9 114.9 114.9S339 319.5 339 255.9 287.7 141 224.1 141zm0 189.6c-41.1 0-74.7-33.5-74.7-74.7s33.5-74.7 74.7-74.7 74.7 33.5 74.7 74.7-33.6 74.7-74.7 74.7zm146.4-194.3c0 14.9-12 26.8-26.8 26.8-14.9 0-26.8-12-26.8-26.8s12-26.8 26.8-26.8 26.8 12 26.8 26.8zm76.1 27.2c-1.7-35.9-9.9-67.7-36.2-93.9-26.2-26.2-58-34.4-93.9-36.2-37-2.1-147.9-2.1-184.9 0-35.8 1.7-67.6 9.9-93.9 36.1s-34.4 58-36.2 93.9c-2.1 37-2.1 147.9 0 184.9 1.7 35.9 9.9 67.7 36.2 93.9s58 34.4 93.9 36.2c37 2.1 147.9 2.1 184.9 0 35.9-1.7 67.7-9.9 93.9-36.2 26.2-26.2 34.4-58 36.2-93.9 2.1-37 2.1-147.8 0-184.8zM398.8 388c-7.8 19.6-22.9 34.7-42.6 42.6-29.5 11.7-99.5 9-132.1 9s-102.7 2.6-132.1-9c-19.6-7.8-34.7-22.9-42.6-42.6-11.7-29.5-9-99.5-9-132.1s-2.6-102.7 9-132.1c7.8-19.6 22.9-34.7 42.6-42.6 29.5-11.7 99.5-9 132.1-9s102.7-2.6 132.1 9c19.6 7.8 34.7 22.9 42.6 42.6 11.7 29.5 9 99.5 9 132.1s2.7 102.7-9 132.1z\"\/>\n                <\/svg>\n            <\/a>\n        \n                    <a class=\"listivo-social-icons__icon listivo-social-icon listivo-social-icon--color-1 listivo-social-icon--hover-color-primary\" href=\"https:\/\/www.youtube.com\/@TorreviejaRentals\" target=\"_blank\" rel=\"noopener\">\n                <svg xmlns=\"http:\/\/www.w3.org\/2000\/svg\" viewbox=\"0 0 576 512\">\n                    <!--!Font Awesome Free 6.5.1 by @fontawesome - https:\/\/fontawesome.com License - https:\/\/fontawesome.com\/license\/free Copyright 2024 Fonticons, Inc.-->\n                    <path d=\"M549.7 124.1c-6.3-23.7-24.8-42.3-48.3-48.6C458.8 64 288 64 288 64S117.2 64 74.6 75.5c-23.5 6.3-42 24.9-48.3 48.6-11.4 42.9-11.4 132.3-11.4 132.3s0 89.4 11.4 132.3c6.3 23.7 24.8 41.5 48.3 47.8C117.2 448 288 448 288 448s170.8 0 213.4-11.5c23.5-6.3 42-24.2 48.3-47.8 11.4-42.9 11.4-132.3 11.4-132.3s0-89.4-11.4-132.3zm-317.5 213.5V175.2l142.7 81.2-142.7 81.2z\"\/>\n                <\/svg>\n            <\/a>\n        \n        \n        \n            <\/div>\n<\/div>\t\t\t\t<\/div>\n\t\t\t\t<\/div>\n\t\t\t\t\t<\/div>\n\t\t<\/div>\n\t\t\t\t<div class=\"elementor-column elementor-col-50 elementor-inner-column elementor-element elementor-element-d5fed55\" data-id=\"d5fed55\" data-element_type=\"column\">\n\t\t\t<div class=\"elementor-widget-wrap elementor-element-populated\">\n\t\t\t\t\t\t<div class=\"elementor-element elementor-element-9c9a3d6 elementor-widget elementor-widget-image\" data-id=\"9c9a3d6\" data-element_type=\"widget\" data-widget_type=\"image.default\">\n\t\t\t\t<div class=\"elementor-widget-container\">\n\t\t\t\t\t\t\t\t\t\t\t\t\t\t\t<img fetchpriority=\"high\" decoding=\"async\" width=\"900\" height=\"600\" src=\"https:\/\/www.torreviejarentals.es\/wp-content\/uploads\/2025\/07\/Contact-Image-1024x683.png\" class=\"attachment-large size-large wp-image-15795\" alt=\"\" srcset=\"https:\/\/www.torreviejarentals.es\/wp-content\/uploads\/2025\/07\/Contact-Image-1024x683.png 1024w, https:\/\/www.torreviejarentals.es\/wp-content\/uploads\/2025\/07\/Contact-Image-300x200.png 300w, https:\/\/www.torreviejarentals.es\/wp-content\/uploads\/2025\/07\/Contact-Image-768x512.png 768w, https:\/\/www.torreviejarentals.es\/wp-content\/uploads\/2025\/07\/Contact-Image-18x12.png 18w, https:\/\/www.torreviejarentals.es\/wp-content\/uploads\/2025\/07\/Contact-Image-360x240.png 360w, https:\/\/www.torreviejarentals.es\/wp-content\/uploads\/2025\/07\/Contact-Image-720x480.png 720w, https:\/\/www.torreviejarentals.es\/wp-content\/uploads\/2025\/07\/Contact-Image-750x500.png 750w, https:\/\/www.torreviejarentals.es\/wp-content\/uploads\/2025\/07\/Contact-Image.png 1200w\" sizes=\"(max-width: 900px) 100vw, 900px\" title=\"\">\t\t\t\t\t\t\t\t\t\t\t\t\t\t\t<\/div>\n\t\t\t\t<\/div>\n\t\t\t\t\t<\/div>\n\t\t<\/div>\n\t\t\t\t\t<\/div>\n\t\t<\/section>\n\t\t\t\t<div class=\"elementor-element elementor-element-3d0fc943 elementor-widget elementor-widget-spacer\" data-id=\"3d0fc943\" data-element_type=\"widget\" data-widget_type=\"spacer.default\">\n\t\t\t\t<div class=\"elementor-widget-container\">\n\t\t\t\t\t\t\t<div class=\"elementor-spacer\">\n\t\t\t<div class=\"elementor-spacer-inner\"><\/div>\n\t\t<\/div>\n\t\t\t\t\t\t<\/div>\n\t\t\t\t<\/div>\n\t\t\t\t\t<\/div>\n\t\t<\/div>\n\t\t\t\t\t<\/div>\n\t\t<\/section>\n\t\t\t\t<section class=\"elementor-section elementor-top-section elementor-element elementor-element-3833cf3c elementor-section-boxed elementor-section-height-default elementor-section-height-default\" data-id=\"3833cf3c\" data-element_type=\"section\" data-settings=\"{&quot;background_background&quot;:&quot;classic&quot;}\">\n\t\t\t\t\t\t<div class=\"elementor-container elementor-column-gap-default\">\n\t\t\t\t\t<div class=\"elementor-column elementor-col-100 elementor-top-column elementor-element elementor-element-76fadac1\" data-id=\"76fadac1\" data-element_type=\"column\">\n\t\t\t<div class=\"elementor-widget-wrap elementor-element-populated\">\n\t\t\t\t\t\t<div class=\"elementor-element elementor-element-7ae224e9 elementor-widget elementor-widget-spacer\" data-id=\"7ae224e9\" data-element_type=\"widget\" data-widget_type=\"spacer.default\">\n\t\t\t\t<div class=\"elementor-widget-container\">\n\t\t\t\t\t\t\t<div class=\"elementor-spacer\">\n\t\t\t<div class=\"elementor-spacer-inner\"><\/div>\n\t\t<\/div>\n\t\t\t\t\t\t<\/div>\n\t\t\t\t<\/div>\n\t\t\t\t<div class=\"elementor-element elementor-element-327dada9 elementor-widget elementor-widget-lst_services_v4\" data-id=\"327dada9\" data-element_type=\"widget\" data-widget_type=\"lst_services_v4.default\">\n\t\t\t\t<div class=\"elementor-widget-container\">\n\t\t\t\t\t<div class=\"listivo-services-v4\">\n    <div class=\"listivo-services-v4__list\">\n                    <div\n                                    class=\"listivo-service-v4 listivo-service-v4--with-circle\"\n                            >\n\n                <div\n                                            class=\"listivo-service-v4__circle\"\n                                    >\n                                            <img decoding=\"async\"\n                                src=\"https:\/\/torreviejarentals.es\/wp-content\/uploads\/2022\/04\/contact_address.png\"\n                                alt=\"Address\"\n                        >\n                                    <\/div>\n\n                <h3 class=\"listivo-service-v4__label\">\n                    Adress                <\/h3>\n\n                                    <div class=\"listivo-service-v4__text\">\n                                                    Torrevieja, Costa Blanca<br \/>\r\n                                            <\/div>\n                            <\/div>\n                    <div\n                                    class=\"listivo-service-v4 listivo-service-v4--with-circle\"\n                            >\n\n                <div\n                                            class=\"listivo-service-v4__circle\"\n                                    >\n                                            <img decoding=\"async\"\n                                src=\"https:\/\/torreviejarentals.es\/wp-content\/uploads\/2022\/04\/contact_phone.png\"\n                                alt=\"Call us\"\n                        >\n                                    <\/div>\n\n                <h3 class=\"listivo-service-v4__label\">\n                    Ring oss                <\/h3>\n\n                                    <div class=\"listivo-service-v4__text\">\n                                                    <a href=\"tel:+46706755549\">\n                                +46 706 755 549                            <\/a>\n                                            <\/div>\n                            <\/div>\n                    <div\n                                    class=\"listivo-service-v4 listivo-service-v4--with-circle\"\n                            >\n\n                <div\n                                            class=\"listivo-service-v4__circle\"\n                                    >\n                                            <img decoding=\"async\"\n                                src=\"https:\/\/torreviejarentals.es\/wp-content\/uploads\/2022\/04\/contact_mail.png\"\n                                alt=\"Write to us\"\n                        >\n                                    <\/div>\n\n                <h3 class=\"listivo-service-v4__label\">\n                    Skriv till oss                <\/h3>\n\n                                    <div class=\"listivo-service-v4__text\">\n                                                    <a href=\"mailto:support@torreviejarentals.es\">\n                                support@torreviejarentals.es                            <\/a>\n                                            <\/div>\n                            <\/div>\n            <\/div>\n<\/div>\n\t\t\t\t<\/div>\n\t\t\t\t<\/div>\n\t\t\t\t<div class=\"elementor-element elementor-element-6ce15d07 elementor-widget elementor-widget-spacer\" data-id=\"6ce15d07\" data-element_type=\"widget\" data-widget_type=\"spacer.default\">\n\t\t\t\t<div class=\"elementor-widget-container\">\n\t\t\t\t\t\t\t<div class=\"elementor-spacer\">\n\t\t\t<div class=\"elementor-spacer-inner\"><\/div>\n\t\t<\/div>\n\t\t\t\t\t\t<\/div>\n\t\t\t\t<\/div>\n\t\t\t\t\t<\/div>\n\t\t<\/div>\n\t\t\t\t\t<\/div>\n\t\t<\/section>\n\t\t\t\t<section class=\"elementor-section elementor-top-section elementor-element elementor-element-62492759 elementor-section-full_width elementor-section-height-default elementor-section-height-default\" data-id=\"62492759\" data-element_type=\"section\" data-settings=\"{&quot;background_background&quot;:&quot;classic&quot;}\">\n\t\t\t\t\t\t<div class=\"elementor-container elementor-column-gap-no\">\n\t\t\t\t\t<div class=\"elementor-column elementor-col-100 elementor-top-column elementor-element elementor-element-50fe5905\" data-id=\"50fe5905\" data-element_type=\"column\">\n\t\t\t<div class=\"elementor-widget-wrap elementor-element-populated\">\n\t\t\t\t\t\t<div class=\"elementor-element elementor-element-652dbfb elementor-widget elementor-widget-lst_map\" data-id=\"652dbfb\" data-element_type=\"widget\" data-widget_type=\"lst_map.default\">\n\t\t\t\t<div class=\"elementor-widget-container\">\n\t\t\t\t\t<div class=\"listivo-app\">\n            <lst-simple-google-map\n                map-id=\"listivo-map-652dbfb\"\n                map-type=\"roadmap\"\n                :position=\"{&quot;lat&quot;:37.97562,&quot;lng&quot;:-0.68406}\"\n                :zoom=\"12\"\n                marker-type=\"classic\"\n                marker-id=\"listivo-map-marker-652dbfb\"\n                icon=\"\"\n        >\n            <div slot-scope=\"props\">\n                <div\n                        id=\"listivo-map-652dbfb\"\n                        class=\"listivo-map\"\n                ><\/div>\n\n                <div class=\"listivo-map-marker-hide\">\n                                    <\/div>\n            <\/div>\n        <\/lst-simple-google-map>\n    \n    <\/div>\n\t\t\t\t<\/div>\n\t\t\t\t<\/div>\n\t\t\t\t\t<\/div>\n\t\t<\/div>\n\t\t\t\t\t<\/div>\n\t\t<\/section>\n\t\t\t\t<\/div>","protected":false},"excerpt":{"rendered":"<p>Contact Us How Can We Help? We Are Ready to Help If you have any questions or need assistance, please feel free to email or call us. We prefer that you send an email directly from your mail client to help us avoid spam. You can use the following email addresses: info@torreviejarentals.essupport@torreviejarentals.es \u00a0 Address Torrevieja, [&hellip;]<\/p>","protected":false},"author":1,"featured_media":0,"parent":0,"menu_order":0,"comment_status":"closed","ping_status":"closed","template":"","meta":{"_acf_changed":false,"om_disable_all_campaigns":false,"_monsterinsights_skip_tracking":false,"_monsterinsights_sitenote_active":false,"_monsterinsights_sitenote_note":"","_monsterinsights_sitenote_category":0,"_uf_show_specific_survey":0,"_uf_disable_surveys":false,"footnotes":""},"class_list":["post-15778","page","type-page","status-publish","hentry"],"acf":[],"_links":{"self":[{"href":"https:\/\/www.torreviejarentals.es\/sv\/wp-json\/wp\/v2\/pages\/15778","targetHints":{"allow":["GET"]}}],"collection":[{"href":"https:\/\/www.torreviejarentals.es\/sv\/wp-json\/wp\/v2\/pages"}],"about":[{"href":"https:\/\/www.torreviejarentals.es\/sv\/wp-json\/wp\/v2\/types\/page"}],"author":[{"embeddable":true,"href":"https:\/\/www.torreviejarentals.es\/sv\/wp-json\/wp\/v2\/users\/1"}],"replies":[{"embeddable":true,"href":"https:\/\/www.torreviejarentals.es\/sv\/wp-json\/wp\/v2\/comments?post=15778"}],"version-history":[{"count":21,"href":"https:\/\/www.torreviejarentals.es\/sv\/wp-json\/wp\/v2\/pages\/15778\/revisions"}],"predecessor-version":[{"id":15810,"href":"https:\/\/www.torreviejarentals.es\/sv\/wp-json\/wp\/v2\/pages\/15778\/revisions\/15810"}],"wp:attachment":[{"href":"https:\/\/www.torreviejarentals.es\/sv\/wp-json\/wp\/v2\/media?parent=15778"}],"curies":[{"name":"wp","href":"https:\/\/api.w.org\/{rel}","templated":true}]}}