{"id":7358,"date":"2022-03-11T06:52:50","date_gmt":"2022-03-11T06:52:50","guid":{"rendered":"https:\/\/demo4.listivotheme.com\/?page_id=7358"},"modified":"2025-01-27T19:47:42","modified_gmt":"2025-01-27T17:47:42","slug":"listing","status":"publish","type":"page","link":"https:\/\/www.torreviejarentals.es\/sv\/listing\/","title":{"rendered":"Lista"},"content":{"rendered":"<div data-elementor-type=\"wp-page\" data-elementor-id=\"7358\" class=\"elementor elementor-7358\">\n\t\t\t\t\t\t<section class=\"elementor-section elementor-top-section elementor-element elementor-element-e849a49 elementor-section-boxed elementor-section-height-default elementor-section-height-default\" data-id=\"e849a49\" data-element_type=\"section\" data-settings=\"{&quot;background_background&quot;:&quot;classic&quot;}\">\n\t\t\t\t\t\t<div class=\"elementor-container elementor-column-gap-default\">\n\t\t\t\t\t<div class=\"elementor-column elementor-col-100 elementor-top-column elementor-element elementor-element-2929e46\" data-id=\"2929e46\" data-element_type=\"column\">\n\t\t\t<div class=\"elementor-widget-wrap elementor-element-populated\">\n\t\t\t\t\t\t<div class=\"elementor-element elementor-element-fa72bea elementor-widget elementor-widget-spacer\" data-id=\"fa72bea\" data-element_type=\"widget\" data-widget_type=\"spacer.default\">\n\t\t\t\t<div class=\"elementor-widget-container\">\n\t\t\t\t\t\t\t<div class=\"elementor-spacer\">\n\t\t\t<div class=\"elementor-spacer-inner\"><\/div>\n\t\t<\/div>\n\t\t\t\t\t\t<\/div>\n\t\t\t\t<\/div>\n\t\t\t\t\t<\/div>\n\t\t<\/div>\n\t\t\t\t\t<\/div>\n\t\t<\/section>\n\t\t\t\t<section class=\"elementor-section elementor-top-section elementor-element elementor-element-2396ff2e elementor-section-boxed elementor-section-height-default elementor-section-height-default\" data-id=\"2396ff2e\" data-element_type=\"section\">\n\t\t\t\t\t\t<div class=\"elementor-container elementor-column-gap-default\">\n\t\t\t\t\t<div class=\"elementor-column elementor-col-50 elementor-top-column elementor-element elementor-element-7e23cd2c\" data-id=\"7e23cd2c\" data-element_type=\"column\">\n\t\t\t<div class=\"elementor-widget-wrap elementor-element-populated\">\n\t\t\t\t\t\t<div class=\"elementor-element elementor-element-5512c812 elementor-widget elementor-widget-heading\" data-id=\"5512c812\" data-element_type=\"widget\" data-widget_type=\"heading.default\">\n\t\t\t\t<div class=\"elementor-widget-container\">\n\t\t\t\t\t<h2 class=\"elementor-heading-title elementor-size-default\">Hyr ut din bostad i Torrevieja gratis hela 2025.<span style=\"font-weight: 400;\"><\/span><\/h2>\t\t\t\t<\/div>\n\t\t\t\t<\/div>\n\t\t\t\t<div class=\"elementor-element elementor-element-db5ef15 elementor-widget elementor-widget-spacer\" data-id=\"db5ef15\" data-element_type=\"widget\" data-widget_type=\"spacer.default\">\n\t\t\t\t<div class=\"elementor-widget-container\">\n\t\t\t\t\t\t\t<div class=\"elementor-spacer\">\n\t\t\t<div class=\"elementor-spacer-inner\"><\/div>\n\t\t<\/div>\n\t\t\t\t\t\t<\/div>\n\t\t\t\t<\/div>\n\t\t\t\t<div class=\"elementor-element elementor-element-4fa3c24 elementor-widget elementor-widget-heading\" data-id=\"4fa3c24\" data-element_type=\"widget\" data-widget_type=\"heading.default\">\n\t\t\t\t<div class=\"elementor-widget-container\">\n\t\t\t\t\t<h6 class=\"elementor-heading-title elementor-size-default\">5 anledningar att anv\u00e4nda Torrevieja Rentals<\/h6>\t\t\t\t<\/div>\n\t\t\t\t<\/div>\n\t\t\t\t<div class=\"elementor-element elementor-element-9e66b31 elementor-widget elementor-widget-spacer\" data-id=\"9e66b31\" data-element_type=\"widget\" data-widget_type=\"spacer.default\">\n\t\t\t\t<div class=\"elementor-widget-container\">\n\t\t\t\t\t\t\t<div class=\"elementor-spacer\">\n\t\t\t<div class=\"elementor-spacer-inner\"><\/div>\n\t\t<\/div>\n\t\t\t\t\t\t<\/div>\n\t\t\t\t<\/div>\n\t\t\t\t<div class=\"elementor-element elementor-element-d54e110 elementor-widget elementor-widget-text-editor\" data-id=\"d54e110\" data-element_type=\"widget\" data-widget_type=\"text-editor.default\">\n\t\t\t\t<div class=\"elementor-widget-container\">\n\t\t\t\t\t\t\t\t\t<ol><li>Anv\u00e4ndarv\u00e4nlig plattform f\u00f6r b\u00e5de dig och de som hyr.<\/li><li>Enkel kalenderhantering d\u00e4r du enkelt st\u00e4ller in datum och priser.<\/li><li>Best\u00e4m sj\u00e4lv och ha full koll p\u00e5 vem du hyr ut till.<\/li><li>G\u00f6r aff\u00e4ren sj\u00e4lv och beh\u00e5ll hela inkomsten.<\/li><li>Vi kr\u00e4ver inget kreditkort n\u00e4r du listar din egendom.<\/li><\/ol>\t\t\t\t\t\t\t\t<\/div>\n\t\t\t\t<\/div>\n\t\t\t\t<div class=\"elementor-element elementor-element-33ebd94a elementor-widget elementor-widget-text-editor\" data-id=\"33ebd94a\" data-element_type=\"widget\" data-widget_type=\"text-editor.default\">\n\t\t\t\t<div class=\"elementor-widget-container\">\n\t\t\t\t\t\t\t\t\t<p>Torrevieja Rentals \u00e4r en ny plattform som enbart fokuserar p\u00e5 semester- och l\u00e5ngtidsuthyrning i Torrevieja. Vi erbjuder nu de f\u00f6rsta 50 listade bost\u00e4derna ett gratis Silverpaket fr\u00e5n den dag du listar fram till slutet av 2025. F\u00f6rst till kvarn g\u00e4ller. Vi tar ingen provision eller har n\u00e5gra dolda avgifter, beh\u00e5ll all inkomst sj\u00e4lv.&nbsp;<\/p>\t\t\t\t\t\t\t\t<\/div>\n\t\t\t\t<\/div>\n\t\t\t\t\t<\/div>\n\t\t<\/div>\n\t\t\t\t<div class=\"elementor-column elementor-col-50 elementor-top-column elementor-element elementor-element-592dd4c3\" data-id=\"592dd4c3\" data-element_type=\"column\">\n\t\t\t<div class=\"elementor-widget-wrap elementor-element-populated\">\n\t\t\t\t\t\t<div class=\"elementor-element elementor-element-568de149 elementor-widget elementor-widget-image\" data-id=\"568de149\" data-element_type=\"widget\" data-widget_type=\"image.default\">\n\t\t\t\t<div class=\"elementor-widget-container\">\n\t\t\t\t\t\t\t\t\t\t\t\t\t\t\t<img fetchpriority=\"high\" decoding=\"async\" width=\"680\" height=\"680\" src=\"https:\/\/www.torreviejarentals.es\/wp-content\/uploads\/2023\/10\/seevisit-torrevieja-presentation.jpg\" class=\"attachment-large size-large wp-image-11113\" alt=\"\" srcset=\"https:\/\/www.torreviejarentals.es\/wp-content\/uploads\/2023\/10\/seevisit-torrevieja-presentation.jpg 680w, https:\/\/www.torreviejarentals.es\/wp-content\/uploads\/2023\/10\/seevisit-torrevieja-presentation-300x300.jpg 300w, https:\/\/www.torreviejarentals.es\/wp-content\/uploads\/2023\/10\/seevisit-torrevieja-presentation-150x150.jpg 150w, https:\/\/www.torreviejarentals.es\/wp-content\/uploads\/2023\/10\/seevisit-torrevieja-presentation-100x100.jpg 100w, https:\/\/www.torreviejarentals.es\/wp-content\/uploads\/2023\/10\/seevisit-torrevieja-presentation-400x400.jpg 400w\" sizes=\"(max-width: 680px) 100vw, 680px\" title=\"\">\t\t\t\t\t\t\t\t\t\t\t\t\t\t\t<\/div>\n\t\t\t\t<\/div>\n\t\t\t\t<div class=\"elementor-element elementor-element-1bd850aa elementor-widget elementor-widget-lst_button\" data-id=\"1bd850aa\" data-element_type=\"widget\" data-widget_type=\"lst_button.default\">\n\t\t\t\t<div class=\"elementor-widget-container\">\n\t\t\t\t\t<div\n            class=\"listivo-button-wrapper\"\n    >\n    <a\n                    class=\"listivo-button listivo-button--primary-2\"\n                    href=\"\/sv\/login-register\/?tab=register\"\n            title=\"Lista din bostad gratis h\u00e4r!\"\n    >\n        <span>\n            Lista din bostad gratis h\u00e4r!\n                            <svg xmlns=\"http:\/\/www.w3.org\/2000\/svg\" width=\"12\" height=\"11\" viewbox=\"0 0 12 11\"\n                     fill=\"none\">\n                    <path d=\"M7.13805 10.4713C7.00772 10.6017 6.83738 10.6667 6.66671 10.6667C6.49605 10.6667 6.32571 10.6017 6.19538 10.4713C5.93504 10.211 5.93504 9.78898 6.19538 9.52865L9.72407 5.99996H0.666672C0.298669 5.99996 0 5.70129 0 5.33329C0 4.96528 0.298669 4.66662 0.666672 4.66662H9.72407L6.19538 1.13792C5.93504 0.877589 5.93504 0.455586 6.19538 0.195251C6.45571 -0.0650838 6.87771 -0.0650838 7.13805 0.195251L11.8047 4.86195C12.0651 5.12229 12.0651 5.54429 11.8047 5.80462L7.13805 10.4713Z\"\n                          fill=\"#FDFDFE\"\/>\n                <\/svg>\n                    <\/span>\n    <\/a>\n<\/div>\t\t\t\t<\/div>\n\t\t\t\t<\/div>\n\t\t\t\t<div class=\"elementor-element elementor-element-81008e6 elementor-widget elementor-widget-text-editor\" data-id=\"81008e6\" data-element_type=\"widget\" data-widget_type=\"text-editor.default\">\n\t\t\t\t<div class=\"elementor-widget-container\">\n\t\t\t\t\t\t\t\t\t<p>V\u00e4lj Silverpaketet n\u00e4r du listar din fastighet och anv\u00e4nd <br \/>koden &quot;<strong>TRY25<\/strong>\u201d n\u00e4r du kommer till betalsidan.<\/p>\t\t\t\t\t\t\t\t<\/div>\n\t\t\t\t<\/div>\n\t\t\t\t\t<\/div>\n\t\t<\/div>\n\t\t\t\t\t<\/div>\n\t\t<\/section>\n\t\t\t\t<section class=\"elementor-section elementor-top-section elementor-element elementor-element-0ecf359 elementor-section-boxed elementor-section-height-default elementor-section-height-default\" data-id=\"0ecf359\" data-element_type=\"section\">\n\t\t\t\t\t\t<div class=\"elementor-container elementor-column-gap-default\">\n\t\t\t\t\t<div class=\"elementor-column elementor-col-100 elementor-top-column elementor-element elementor-element-206187e\" data-id=\"206187e\" data-element_type=\"column\">\n\t\t\t<div class=\"elementor-widget-wrap elementor-element-populated\">\n\t\t\t\t\t\t<div class=\"elementor-element elementor-element-35907a3 elementor-widget elementor-widget-spacer\" data-id=\"35907a3\" data-element_type=\"widget\" data-widget_type=\"spacer.default\">\n\t\t\t\t<div class=\"elementor-widget-container\">\n\t\t\t\t\t\t\t<div class=\"elementor-spacer\">\n\t\t\t<div class=\"elementor-spacer-inner\"><\/div>\n\t\t<\/div>\n\t\t\t\t\t\t<\/div>\n\t\t\t\t<\/div>\n\t\t\t\t\t<\/div>\n\t\t<\/div>\n\t\t\t\t\t<\/div>\n\t\t<\/section>\n\t\t\t\t<\/div>","protected":false},"excerpt":{"rendered":"<p>Rent out your property&nbsp;for free in Torrevieja until end of 2025. 5 Reasons why use Torrevieja Rentals Userfriendly platform for both you and the people that rent. Easy calendar management where you easily set dates and price. Have full control who you rent out to. Make the deal yourself and keep the whole income. We [&hellip;]<\/p>","protected":false},"author":1,"featured_media":0,"parent":0,"menu_order":0,"comment_status":"closed","ping_status":"closed","template":"","meta":{"_acf_changed":false,"om_disable_all_campaigns":false,"_monsterinsights_skip_tracking":false,"_monsterinsights_sitenote_active":false,"_monsterinsights_sitenote_note":"","_monsterinsights_sitenote_category":0,"_uf_show_specific_survey":0,"_uf_disable_surveys":false,"footnotes":""},"class_list":["post-7358","page","type-page","status-publish","hentry"],"acf":[],"_links":{"self":[{"href":"https:\/\/www.torreviejarentals.es\/sv\/wp-json\/wp\/v2\/pages\/7358","targetHints":{"allow":["GET"]}}],"collection":[{"href":"https:\/\/www.torreviejarentals.es\/sv\/wp-json\/wp\/v2\/pages"}],"about":[{"href":"https:\/\/www.torreviejarentals.es\/sv\/wp-json\/wp\/v2\/types\/page"}],"author":[{"embeddable":true,"href":"https:\/\/www.torreviejarentals.es\/sv\/wp-json\/wp\/v2\/users\/1"}],"replies":[{"embeddable":true,"href":"https:\/\/www.torreviejarentals.es\/sv\/wp-json\/wp\/v2\/comments?post=7358"}],"version-history":[{"count":69,"href":"https:\/\/www.torreviejarentals.es\/sv\/wp-json\/wp\/v2\/pages\/7358\/revisions"}],"predecessor-version":[{"id":14271,"href":"https:\/\/www.torreviejarentals.es\/sv\/wp-json\/wp\/v2\/pages\/7358\/revisions\/14271"}],"wp:attachment":[{"href":"https:\/\/www.torreviejarentals.es\/sv\/wp-json\/wp\/v2\/media?parent=7358"}],"curies":[{"name":"wp","href":"https:\/\/api.w.org\/{rel}","templated":true}]}}