{"id":8985,"date":"2022-05-07T06:09:54","date_gmt":"2022-05-07T06:09:54","guid":{"rendered":"https:\/\/demo4.listivotheme.com\/?page_id=8985"},"modified":"2024-03-07T16:13:46","modified_gmt":"2024-03-07T16:13:46","slug":"compare","status":"publish","type":"page","link":"https:\/\/www.torreviejarentals.es\/sv\/compare\/","title":{"rendered":"J\u00e4mf\u00f6ra"},"content":{"rendered":"<div data-elementor-type=\"wp-page\" data-elementor-id=\"8985\" class=\"elementor elementor-8985\">\n\t\t\t\t\t\t<section class=\"elementor-section elementor-top-section elementor-element elementor-element-71595fb elementor-section-boxed elementor-section-height-default elementor-section-height-default\" data-id=\"71595fb\" data-element_type=\"section\" data-settings=\"{&quot;background_background&quot;:&quot;classic&quot;}\">\n\t\t\t\t\t\t<div class=\"elementor-container elementor-column-gap-default\">\n\t\t\t\t\t<div class=\"elementor-column elementor-col-100 elementor-top-column elementor-element elementor-element-844840f\" data-id=\"844840f\" data-element_type=\"column\">\n\t\t\t<div class=\"elementor-widget-wrap elementor-element-populated\">\n\t\t\t\t\t\t<div class=\"elementor-element elementor-element-d5e19ce elementor-widget elementor-widget-spacer\" data-id=\"d5e19ce\" data-element_type=\"widget\" data-widget_type=\"spacer.default\">\n\t\t\t\t<div class=\"elementor-widget-container\">\n\t\t\t\t\t\t\t<div class=\"elementor-spacer\">\n\t\t\t<div class=\"elementor-spacer-inner\"><\/div>\n\t\t<\/div>\n\t\t\t\t\t\t<\/div>\n\t\t\t\t<\/div>\n\t\t\t\t<div class=\"elementor-element elementor-element-7293a10 elementor-widget elementor-widget-lst_compare_area\" data-id=\"7293a10\" data-element_type=\"widget\" data-widget_type=\"lst_compare_area.default\">\n\t\t\t\t<div class=\"elementor-widget-container\">\n\t\t\t\t\t<div class=\"listivo-app\">\n    <lst-compare-area\n            :redirect=\"true\"\n            redirect-url=\"https:\/\/www.torreviejarentals.es\"\n            :breakpoints=\"{&quot;mobile&quot;:767,&quot;tablet&quot;:1024}\"\n            :items-to-show=\"{&quot;mobile&quot;:1,&quot;tablet&quot;:1,&quot;desktop&quot;:2}\"\n    >\n        <div slot-scope=\"props\" class=\"listivo-compare-area\">\n            <template>\n                <div class=\"listivo-compare-area__row listivo-compare-area__row--mobile-full\">\n                    <div class=\"listivo-compare-area__head\">\n                        <div class=\"listivo-compare-area__heading-wrapper\">\n                            <h1 class=\"listivo-compare-area__heading\">\n                                J\u00e4mf\u00f6ra\n                                <span class=\"listivo-compare-area__heading-count\">\n                                    {{ props.count }}\n                                <\/span>\n                            <\/h1>\n                        <\/div>\n\n                                                    <div class=\"listivo-compare-area__text\">\n                                Vill du j\u00e4mf\u00f6ra olika boenden kan du enkelt g\u00f6ra det h\u00e4r. F\u00f6r mer information, klicka p\u00e5 knappen &quot;Visa listning&quot; f\u00f6r varje boende.                            <\/div>\n                        \n                        <div class=\"listivo-compare-area__head-bottom\">\n                            <div class=\"listivo-compare-area__back-button\">\n                                <a\n                                        class=\"listivo-simple-button listivo-simple-button--background-primary-2\"\n                                        href=\"https:\/\/www.torreviejarentals.es\/sv\/listings\/\"\n                                >\n                                    Tillbaka till S\u00f6k                                <\/a>\n                            <\/div>\n\n                            <div class=\"listivo-compare-area__nav listivo-box-arrows\">\n                                <div\n                                        class=\"listivo-box-arrow\"\n                                        :class=\"{'listivo-box-arrow--disabled': props.disablePrev}\"\n                                        @click=\"props.prev\"\n                                >\n                                    <svg xmlns=\"http:\/\/www.w3.org\/2000\/svg\" width=\"12\" height=\"11\" viewbox=\"0 0 12 11\"\n                                         fill=\"none\">\n                                        <path d=\"M4.86195 10.4713C4.99228 10.6017 5.16262 10.6667 5.33329 10.6667C5.50395 10.6667 5.67429 10.6017 5.80462 10.4713C6.06496 10.211 6.06496 9.78898 5.80462 9.52865L2.27593 5.99996H11.3333C11.7013 5.99996 12 5.70129 12 5.33329C12 4.96528 11.7013 4.66662 11.3333 4.66662H2.27593L5.80462 1.13792C6.06496 0.877589 6.06496 0.455586 5.80462 0.195251C5.54429 -0.0650838 5.12229 -0.0650838 4.86195 0.195251L0.195251 4.86195C-0.0650838 5.12229 -0.0650838 5.54429 0.195251 5.80462L4.86195 10.4713Z\"\/>\n                                    <\/svg>\n                                <\/div>\n\n                                <div\n                                        class=\"listivo-box-arrow\"\n                                        :class=\"{'listivo-box-arrow--disabled': props.disableNext}\"\n                                        @click=\"props.next\"\n                                >\n                                    <svg xmlns=\"http:\/\/www.w3.org\/2000\/svg\" width=\"12\" height=\"11\" viewbox=\"0 0 12 11\"\n                                         fill=\"none\">\n                                        <path d=\"M7.13805 10.4713C7.00772 10.6017 6.83738 10.6667 6.66671 10.6667C6.49604 10.6667 6.32571 10.6017 6.19538 10.4713C5.93504 10.211 5.93504 9.78898 6.19538 9.52865L9.72407 5.99996H0.666672C0.298669 5.99996 0 5.70129 0 5.33329C0 4.96528 0.298669 4.66662 0.666672 4.66662H9.72407L6.19538 1.13792C5.93504 0.877589 5.93504 0.455587 6.19538 0.195251C6.45571 -0.0650838 6.87771 -0.0650838 7.13805 0.195251L11.8047 4.86195C12.0651 5.12229 12.0651 5.54429 11.8047 5.80462L7.13805 10.4713Z\"\/>\n                                    <\/svg>\n                                <\/div>\n                            <\/div>\n                        <\/div>\n                    <\/div>\n\n                                    <\/div>\n\n                <div class=\"listivo-compare-area__row listivo-compare-area__row--mobile-flex listivo-compare-area__row--with-border\">\n                    <div class=\"listivo-compare-area__empty-block\"><\/div>\n\n                                    <\/div>\n\n                                                                                                                \n                <div class=\"listivo-compare-area__row listivo-compare-area__row--button\">\n                    <div class=\"listivo-compare-area__empty-block\"><\/div>\n\n                                    <\/div>\n            <\/template>\n        <\/div>\n    <\/lst-compare-area>\n<\/div>\t\t\t\t<\/div>\n\t\t\t\t<\/div>\n\t\t\t\t<div class=\"elementor-element elementor-element-5c13e6d elementor-widget elementor-widget-spacer\" data-id=\"5c13e6d\" data-element_type=\"widget\" data-widget_type=\"spacer.default\">\n\t\t\t\t<div class=\"elementor-widget-container\">\n\t\t\t\t\t\t\t<div class=\"elementor-spacer\">\n\t\t\t<div class=\"elementor-spacer-inner\"><\/div>\n\t\t<\/div>\n\t\t\t\t\t\t<\/div>\n\t\t\t\t<\/div>\n\t\t\t\t\t<\/div>\n\t\t<\/div>\n\t\t\t\t\t<\/div>\n\t\t<\/section>\n\t\t\t\t<\/div>","protected":false},"excerpt":{"rendered":"<p>Compare {{ props.count }} If you want to compare different accommodations, you can easily do so here. For more information, click on the &#8216;View Listing&#8217; button for each accommodation. Back to Search Lock column Locked Lock column Locked Penthouse For Rent Antons Place Property Type Apartments Houses Bedroom 3 2 Bathrooms 2 2 Property Size [&hellip;]<\/p>","protected":false},"author":1,"featured_media":0,"parent":0,"menu_order":0,"comment_status":"closed","ping_status":"closed","template":"","meta":{"_acf_changed":false,"om_disable_all_campaigns":false,"_monsterinsights_skip_tracking":false,"_monsterinsights_sitenote_active":false,"_monsterinsights_sitenote_note":"","_monsterinsights_sitenote_category":0,"_uf_show_specific_survey":0,"_uf_disable_surveys":false,"footnotes":""},"class_list":["post-8985","page","type-page","status-publish","hentry"],"acf":[],"_links":{"self":[{"href":"https:\/\/www.torreviejarentals.es\/sv\/wp-json\/wp\/v2\/pages\/8985","targetHints":{"allow":["GET"]}}],"collection":[{"href":"https:\/\/www.torreviejarentals.es\/sv\/wp-json\/wp\/v2\/pages"}],"about":[{"href":"https:\/\/www.torreviejarentals.es\/sv\/wp-json\/wp\/v2\/types\/page"}],"author":[{"embeddable":true,"href":"https:\/\/www.torreviejarentals.es\/sv\/wp-json\/wp\/v2\/users\/1"}],"replies":[{"embeddable":true,"href":"https:\/\/www.torreviejarentals.es\/sv\/wp-json\/wp\/v2\/comments?post=8985"}],"version-history":[{"count":12,"href":"https:\/\/www.torreviejarentals.es\/sv\/wp-json\/wp\/v2\/pages\/8985\/revisions"}],"predecessor-version":[{"id":12225,"href":"https:\/\/www.torreviejarentals.es\/sv\/wp-json\/wp\/v2\/pages\/8985\/revisions\/12225"}],"wp:attachment":[{"href":"https:\/\/www.torreviejarentals.es\/sv\/wp-json\/wp\/v2\/media?parent=8985"}],"curies":[{"name":"wp","href":"https:\/\/api.w.org\/{rel}","templated":true}]}}